{"id":2882,"date":"2020-10-24T13:08:21","date_gmt":"2020-10-24T13:08:21","guid":{"rendered":"https:\/\/marcopachiega.com\/it\/?page_id=2882"},"modified":"2026-03-06T11:13:53","modified_gmt":"2026-03-06T11:13:53","slug":"gallery","status":"publish","type":"page","link":"https:\/\/marcopachiega.com\/it\/gallery\/","title":{"rendered":"GALLERY"},"content":{"rendered":"\r\n<figure class=\"wp-block-gallery has-nested-images columns-default is-cropped wp-block-gallery-1 is-layout-flex wp-block-gallery-is-layout-flex\">\r\n<h4><span style=\"color: #000000;\">Aqu\u00ed encontrar\u00e1s una selecci\u00f3n de mis trabajos dedicados a eventos y retratos. La fotograf\u00eda para m\u00ed no es s\u00f3lo t\u00e9cnica, sino una b\u00fasqueda constante de la esencia y la belleza de cada momento. A trav\u00e9s de un enfoque atento al detalle, la luz y la composici\u00f3n, me gusta capturar la espontaneidad y autenticidad, dando como resultado im\u00e1genes con un fuerte impacto visual y emocional.<\/span><\/h4>\r\n<figure class=\"wp-block-image size-large is-style-default\"><a href=\"https:\/\/marcopachiega.com\/it\/gallery\/portrait\/\"><img fetchpriority=\"high\" decoding=\"async\" data-id=\"4367\" class=\"alignnone wp-image-4427\" src=\"https:\/\/marcopachiega.com\/it\/wp-content\/uploads\/sites\/15\/2024\/12\/DSC7628-280x420.jpg\" alt=\"portrait\" width=\"327\" height=\"490\" srcset=\"https:\/\/marcopachiega.com\/it\/wp-content\/uploads\/sites\/15\/2024\/12\/DSC7628-280x420.jpg 280w, https:\/\/marcopachiega.com\/it\/wp-content\/uploads\/sites\/15\/2024\/12\/DSC7628-744x1116.jpg 744w, https:\/\/marcopachiega.com\/it\/wp-content\/uploads\/sites\/15\/2024\/12\/DSC7628-1200x1800.jpg 1200w, https:\/\/marcopachiega.com\/it\/wp-content\/uploads\/sites\/15\/2024\/12\/DSC7628-1024x1536.jpg 1024w, https:\/\/marcopachiega.com\/it\/wp-content\/uploads\/sites\/15\/2024\/12\/DSC7628-1365x2048.jpg 1365w, https:\/\/marcopachiega.com\/it\/wp-content\/uploads\/sites\/15\/2024\/12\/DSC7628-scaled.jpg 1707w\" sizes=\"(max-width: 327px) 100vw, 327px\" \/><\/a>\r\n<figcaption class=\"wp-element-caption\"><strong>PORTRAIT<\/strong><\/figcaption>\r\n<\/figure>\r\n\r\n\r\n\r\n<figure class=\"wp-block-image size-large\"><a href=\"https:\/\/marcopachiega.com\/it\/gallery\/sports\"><img decoding=\"async\" data-id=\"3119\" class=\"alignnone wp-image-3119\" src=\"https:\/\/marcopachiega.com\/it\/wp-content\/uploads\/sites\/15\/2020\/10\/DSC8187-1200x798-1.jpg\" alt=\"\" width=\"327\" height=\"217\" \/><\/a>\r\n<figcaption class=\"wp-element-caption\"><strong>SPORTS-ACTION<\/strong><\/figcaption>\r\n<\/figure>\r\n\r\n\r\n\r\n<figure class=\"wp-block-image size-large\"><a href=\"https:\/\/marcopachiega.com\/it\/gallery\/events\/\"><img decoding=\"async\" data-id=\"3936\" class=\"alignnone wp-image-3936\" src=\"https:\/\/marcopachiega.com\/it\/wp-content\/uploads\/sites\/15\/2022\/11\/La-capanna-dei-nani-5939-1200x800.jpg\" alt=\"\" width=\"327\" height=\"218\" \/><\/a>\r\n<figcaption class=\"wp-element-caption\"><strong>EVENTS-STREET<\/strong><\/figcaption>\r\n<\/figure>\r\n\r\n\r\n\r\n<figure class=\"wp-block-image size-large is-style-default\"><a href=\"https:\/\/marcopachiega.com\/it\/?page_id=5826&amp;preview=true\"><img loading=\"lazy\" decoding=\"async\" width=\"1100\" height=\"825\" data-id=\"4001\" class=\"wp-image-4001\" src=\"https:\/\/marcopachiega.com\/it\/wp-content\/uploads\/sites\/15\/2023\/12\/Immagine-424-e1537059362226.jpg\" alt=\"\" srcset=\"https:\/\/marcopachiega.com\/it\/wp-content\/uploads\/sites\/15\/2023\/12\/Immagine-424-e1537059362226.jpg 1100w, https:\/\/marcopachiega.com\/it\/wp-content\/uploads\/sites\/15\/2023\/12\/Immagine-424-e1537059362226-744x558.jpg 744w, https:\/\/marcopachiega.com\/it\/wp-content\/uploads\/sites\/15\/2023\/12\/Immagine-424-e1537059362226-420x315.jpg 420w\" sizes=\"(max-width: 1100px) 100vw, 1100px\" \/><\/a>\r\n<figcaption class=\"wp-element-caption\"><strong>TRAVEL GALLERY<\/strong><\/figcaption>\r\n<\/figure>\r\n<\/figure>\r\n\r\n\r\n\r\n\r\n\r\n<h4>\u00a0<\/h4>\r\n<h4>Ya sea un evento especial o un retrato que cuente tu esencia, cada toma merece ser \u00fanica. <a href=\"https:\/\/marcopachiega.com\/contact\/\"><strong>Cont\u00e1ctame para m\u00e1s informaci\u00f3n<\/strong><\/a> y descubre c\u00f3mo podemos transformar tu idea en im\u00e1genes extraordinarias.<\/h4>\r\n\r\n\r\n\r\n<p>&nbsp;<\/p>\r\n\r\n\r\n\r\n<p>&nbsp;<\/p>\r\n\r\n\r\n\r\n<p>&nbsp;<\/p>\r\n\r\n\r\n\r\n<p>&nbsp;<\/p>\r\n\r\n\r\n\r\n<p>&nbsp;<\/p>\r\n","protected":false},"excerpt":{"rendered":"<p>\u00a0 Ya sea un evento especial o un retrato que cuente tu esencia, cada toma merece ser \u00fanica. Cont\u00e1ctame para m\u00e1s informaci\u00f3n y descubre c\u00f3mo podemos transformar tu idea en im\u00e1genes extraordinarias. &nbsp; &nbsp; &nbsp; &nbsp; &nbsp;<\/p>\n","protected":false},"author":1,"featured_media":0,"parent":0,"menu_order":0,"comment_status":"closed","ping_status":"closed","template":"","meta":{"footnotes":""},"class_list":["post-2882","page","type-page","status-publish","hentry"],"yoast_head":"<!-- This site is optimized with the Yoast SEO plugin v27.3 - https:\/\/yoast.com\/product\/yoast-seo-wordpress\/ -->\n<title>GALLERY - Marco Pachiega<\/title>\n<meta name=\"robots\" content=\"index, follow, max-snippet:-1, max-image-preview:large, max-video-preview:-1\" \/>\n<link rel=\"canonical\" href=\"https:\/\/marcopachiega.com\/it\/gallery\/\" \/>\n<meta property=\"og:locale\" content=\"it_IT\" \/>\n<meta property=\"og:type\" content=\"article\" \/>\n<meta property=\"og:title\" content=\"GALLERY - Marco Pachiega\" \/>\n<meta property=\"og:description\" content=\"\u00a0 Ya sea un evento especial o un retrato que cuente tu esencia, cada toma merece ser \u00fanica. Cont\u00e1ctame para m\u00e1s informaci\u00f3n y descubre c\u00f3mo podemos transformar tu idea en im\u00e1genes extraordinarias. &nbsp; &nbsp; &nbsp; &nbsp; &nbsp;\" \/>\n<meta property=\"og:url\" content=\"https:\/\/marcopachiega.com\/it\/gallery\/\" \/>\n<meta property=\"og:site_name\" content=\"Marco Pachiega\" \/>\n<meta property=\"article:modified_time\" content=\"2026-03-06T11:13:53+00:00\" \/>\n<meta property=\"og:image\" content=\"https:\/\/marcopachiega.com\/it\/wp-content\/uploads\/sites\/15\/2024\/12\/DSC7628-scaled.jpg\" \/>\n\t<meta property=\"og:image:width\" content=\"1707\" \/>\n\t<meta property=\"og:image:height\" content=\"2560\" \/>\n\t<meta property=\"og:image:type\" content=\"image\/jpeg\" \/>\n<meta name=\"twitter:card\" content=\"summary_large_image\" \/>\n<meta name=\"twitter:label1\" content=\"Tempo di lettura stimato\" \/>\n\t<meta name=\"twitter:data1\" content=\"2 minuti\" \/>\n<script type=\"application\/ld+json\" class=\"yoast-schema-graph\">{\"@context\":\"https:\\\/\\\/schema.org\",\"@graph\":[{\"@type\":\"WebPage\",\"@id\":\"https:\\\/\\\/marcopachiega.com\\\/it\\\/gallery\\\/\",\"url\":\"https:\\\/\\\/marcopachiega.com\\\/it\\\/gallery\\\/\",\"name\":\"GALLERY - Marco Pachiega\",\"isPartOf\":{\"@id\":\"https:\\\/\\\/marcopachiega.com\\\/it\\\/#website\"},\"primaryImageOfPage\":{\"@id\":\"https:\\\/\\\/marcopachiega.com\\\/it\\\/gallery\\\/#primaryimage\"},\"image\":{\"@id\":\"https:\\\/\\\/marcopachiega.com\\\/it\\\/gallery\\\/#primaryimage\"},\"thumbnailUrl\":\"https:\\\/\\\/marcopachiega.com\\\/it\\\/wp-content\\\/uploads\\\/sites\\\/15\\\/2024\\\/12\\\/DSC7628-280x420.jpg\",\"datePublished\":\"2020-10-24T13:08:21+00:00\",\"dateModified\":\"2026-03-06T11:13:53+00:00\",\"breadcrumb\":{\"@id\":\"https:\\\/\\\/marcopachiega.com\\\/it\\\/gallery\\\/#breadcrumb\"},\"inLanguage\":\"it-IT\",\"potentialAction\":[{\"@type\":\"ReadAction\",\"target\":[\"https:\\\/\\\/marcopachiega.com\\\/it\\\/gallery\\\/\"]}]},{\"@type\":\"ImageObject\",\"inLanguage\":\"it-IT\",\"@id\":\"https:\\\/\\\/marcopachiega.com\\\/it\\\/gallery\\\/#primaryimage\",\"url\":\"https:\\\/\\\/marcopachiega.com\\\/it\\\/wp-content\\\/uploads\\\/sites\\\/15\\\/2024\\\/12\\\/DSC7628-scaled.jpg\",\"contentUrl\":\"https:\\\/\\\/marcopachiega.com\\\/it\\\/wp-content\\\/uploads\\\/sites\\\/15\\\/2024\\\/12\\\/DSC7628-scaled.jpg\",\"width\":1707,\"height\":2560},{\"@type\":\"BreadcrumbList\",\"@id\":\"https:\\\/\\\/marcopachiega.com\\\/it\\\/gallery\\\/#breadcrumb\",\"itemListElement\":[{\"@type\":\"ListItem\",\"position\":1,\"name\":\"Home\",\"item\":\"https:\\\/\\\/marcopachiega.com\\\/it\\\/\"},{\"@type\":\"ListItem\",\"position\":2,\"name\":\"GALLERY\"}]},{\"@type\":\"WebSite\",\"@id\":\"https:\\\/\\\/marcopachiega.com\\\/it\\\/#website\",\"url\":\"https:\\\/\\\/marcopachiega.com\\\/it\\\/\",\"name\":\"Marco Pachiega\",\"description\":\"photography\",\"potentialAction\":[{\"@type\":\"SearchAction\",\"target\":{\"@type\":\"EntryPoint\",\"urlTemplate\":\"https:\\\/\\\/marcopachiega.com\\\/it\\\/?s={search_term_string}\"},\"query-input\":{\"@type\":\"PropertyValueSpecification\",\"valueRequired\":true,\"valueName\":\"search_term_string\"}}],\"inLanguage\":\"it-IT\"}]}<\/script>\n<!-- \/ Yoast SEO plugin. -->","yoast_head_json":{"title":"GALLERY - Marco Pachiega","robots":{"index":"index","follow":"follow","max-snippet":"max-snippet:-1","max-image-preview":"max-image-preview:large","max-video-preview":"max-video-preview:-1"},"canonical":"https:\/\/marcopachiega.com\/it\/gallery\/","og_locale":"it_IT","og_type":"article","og_title":"GALLERY - Marco Pachiega","og_description":"\u00a0 Ya sea un evento especial o un retrato que cuente tu esencia, cada toma merece ser \u00fanica. Cont\u00e1ctame para m\u00e1s informaci\u00f3n y descubre c\u00f3mo podemos transformar tu idea en im\u00e1genes extraordinarias. &nbsp; &nbsp; &nbsp; &nbsp; &nbsp;","og_url":"https:\/\/marcopachiega.com\/it\/gallery\/","og_site_name":"Marco Pachiega","article_modified_time":"2026-03-06T11:13:53+00:00","og_image":[{"width":1707,"height":2560,"url":"https:\/\/marcopachiega.com\/it\/wp-content\/uploads\/sites\/15\/2024\/12\/DSC7628-scaled.jpg","type":"image\/jpeg"}],"twitter_card":"summary_large_image","twitter_misc":{"Tempo di lettura stimato":"2 minuti"},"schema":{"@context":"https:\/\/schema.org","@graph":[{"@type":"WebPage","@id":"https:\/\/marcopachiega.com\/it\/gallery\/","url":"https:\/\/marcopachiega.com\/it\/gallery\/","name":"GALLERY - Marco Pachiega","isPartOf":{"@id":"https:\/\/marcopachiega.com\/it\/#website"},"primaryImageOfPage":{"@id":"https:\/\/marcopachiega.com\/it\/gallery\/#primaryimage"},"image":{"@id":"https:\/\/marcopachiega.com\/it\/gallery\/#primaryimage"},"thumbnailUrl":"https:\/\/marcopachiega.com\/it\/wp-content\/uploads\/sites\/15\/2024\/12\/DSC7628-280x420.jpg","datePublished":"2020-10-24T13:08:21+00:00","dateModified":"2026-03-06T11:13:53+00:00","breadcrumb":{"@id":"https:\/\/marcopachiega.com\/it\/gallery\/#breadcrumb"},"inLanguage":"it-IT","potentialAction":[{"@type":"ReadAction","target":["https:\/\/marcopachiega.com\/it\/gallery\/"]}]},{"@type":"ImageObject","inLanguage":"it-IT","@id":"https:\/\/marcopachiega.com\/it\/gallery\/#primaryimage","url":"https:\/\/marcopachiega.com\/it\/wp-content\/uploads\/sites\/15\/2024\/12\/DSC7628-scaled.jpg","contentUrl":"https:\/\/marcopachiega.com\/it\/wp-content\/uploads\/sites\/15\/2024\/12\/DSC7628-scaled.jpg","width":1707,"height":2560},{"@type":"BreadcrumbList","@id":"https:\/\/marcopachiega.com\/it\/gallery\/#breadcrumb","itemListElement":[{"@type":"ListItem","position":1,"name":"Home","item":"https:\/\/marcopachiega.com\/it\/"},{"@type":"ListItem","position":2,"name":"GALLERY"}]},{"@type":"WebSite","@id":"https:\/\/marcopachiega.com\/it\/#website","url":"https:\/\/marcopachiega.com\/it\/","name":"Marco Pachiega","description":"photography","potentialAction":[{"@type":"SearchAction","target":{"@type":"EntryPoint","urlTemplate":"https:\/\/marcopachiega.com\/it\/?s={search_term_string}"},"query-input":{"@type":"PropertyValueSpecification","valueRequired":true,"valueName":"search_term_string"}}],"inLanguage":"it-IT"}]}},"_links":{"self":[{"href":"https:\/\/marcopachiega.com\/it\/wp-json\/wp\/v2\/pages\/2882","targetHints":{"allow":["GET"]}}],"collection":[{"href":"https:\/\/marcopachiega.com\/it\/wp-json\/wp\/v2\/pages"}],"about":[{"href":"https:\/\/marcopachiega.com\/it\/wp-json\/wp\/v2\/types\/page"}],"author":[{"embeddable":true,"href":"https:\/\/marcopachiega.com\/it\/wp-json\/wp\/v2\/users\/1"}],"replies":[{"embeddable":true,"href":"https:\/\/marcopachiega.com\/it\/wp-json\/wp\/v2\/comments?post=2882"}],"version-history":[{"count":0,"href":"https:\/\/marcopachiega.com\/it\/wp-json\/wp\/v2\/pages\/2882\/revisions"}],"wp:attachment":[{"href":"https:\/\/marcopachiega.com\/it\/wp-json\/wp\/v2\/media?parent=2882"}],"curies":[{"name":"wp","href":"https:\/\/api.w.org\/{rel}","templated":true}]}}